{"id":8,"date":"2015-06-22T12:42:11","date_gmt":"2015-06-22T12:42:11","guid":{"rendered":"http:\/\/www.desentupidoratop.com.br\/site\/?page_id=8"},"modified":"2021-06-25T11:12:22","modified_gmt":"2021-06-25T14:12:22","slug":"empresa","status":"publish","type":"page","link":"https:\/\/www.desentupidoramolaforte.com.br\/site\/empresa\/","title":{"rendered":"Empresa"},"content":{"rendered":"<p>A <strong>Mola Forte\u00a0<\/strong>\u00e9 uma refer\u00eancia nos servi\u00e7os de: <strong>desentupimento<\/strong>, <strong>desentupimento de pia<\/strong>, <strong>desentupidora de ralos<\/strong>, <strong>desentupidora de vasos sanit\u00e1rios<\/strong>, <strong>desentupidora de redes de esgotos<\/strong>,<strong> desentupidora de redes pluviais<\/strong>, <strong>desentupidora de colunas prediais<\/strong>, <strong>desentupidora de rede coletoras<\/strong>, <strong>desentupidora em resid\u00eancias<\/strong>, <strong>desentupidora em com\u00e9rcio<\/strong>, <strong>desentupidora em empresa<\/strong>.<\/p>\n<p>A Mola Forte tem como miss\u00e3o a presta\u00e7\u00e3o de servi\u00e7os de desentupidora voltados \u00e0s necessidades do cliente e com a qualidade requerida, procurando inovar continuamente e buscando solu\u00e7\u00f5es personalizadas, atrav\u00e9s da capacita\u00e7\u00e3o do seu corpo t\u00e9cnico e estreito relacionamento com fornecedores e clientes.<\/p>\n<p>Nossos servi\u00e7os s\u00e3o realizados por profissionais altamente qualificados e treinados, com equipamentos de \u00faltima gera\u00e7\u00e3o e produtos mundialmente reconhecidos pela sua efic\u00e1cia devidamente registrados no Minist\u00e9rio da Sa\u00fade por empresas devidamente estabelecidas no Brasil.<\/p>\n<h2>Miss\u00e3o<\/h2>\n<p>Garantir a excel\u00eancia na presta\u00e7\u00e3o de servi\u00e7os, proporcionando um resultado seguro, \u00e1gil e controlado, contribuindo para a seguran\u00e7a do seu patrim\u00f4nio, al\u00e9m da melhoria da qualidade de vida de nossos clientes, colaboradores e fornecedores.<br \/>\nConhe\u00e7a nossos <strong>servi\u00e7os especializados em resid\u00eancias com animais, restaurantes e bares, escolas, clubes, hospitais, museus e ambientes com pessoas al\u00e9rgicas<\/strong>.<br \/>\nAtendimento em Joinville e Regi\u00e3o, sem cobran\u00e7a de taxas de visitas e com garantia no servi\u00e7o.<\/p>\n","protected":false},"excerpt":{"rendered":"<p>A Mola Forte\u00a0\u00e9 uma refer\u00eancia nos servi\u00e7os de: desentupimento, desentupimento de pia, desentupidora de ralos, desentupidora de vasos sanit\u00e1rios, desentupidora de redes de esgotos, desentupidora de redes pluviais, desentupidora de colunas prediais, desentupidora de rede coletoras, desentupidora em resid\u00eancias, desentupidora em com\u00e9rcio, desentupidora em empresa. A Mola Forte tem como miss\u00e3o a presta\u00e7\u00e3o de servi\u00e7os [&hellip;]<\/p>\n","protected":false},"author":1,"featured_media":0,"parent":0,"menu_order":0,"comment_status":"open","ping_status":"open","template":"","meta":{"footnotes":""},"class_list":["post-8","page","type-page","status-publish","hentry"],"yoast_head":"<!-- This site is optimized with the Yoast SEO plugin v27.4 - https:\/\/yoast.com\/product\/yoast-seo-wordpress\/ -->\n<title>Empresa - Desentupidora Mola Forte<\/title>\n<meta name=\"robots\" content=\"index, follow, max-snippet:-1, max-image-preview:large, max-video-preview:-1\" \/>\n<link rel=\"canonical\" href=\"https:\/\/www.desentupidoramolaforte.com.br\/site\/empresa\/\" \/>\n<meta property=\"og:locale\" content=\"pt_BR\" \/>\n<meta property=\"og:type\" content=\"article\" \/>\n<meta property=\"og:title\" content=\"Empresa - Desentupidora Mola Forte\" \/>\n<meta property=\"og:description\" content=\"A Mola Forte\u00a0\u00e9 uma refer\u00eancia nos servi\u00e7os de: desentupimento, desentupimento de pia, desentupidora de ralos, desentupidora de vasos sanit\u00e1rios, desentupidora de redes de esgotos, desentupidora de redes pluviais, desentupidora de colunas prediais, desentupidora de rede coletoras, desentupidora em resid\u00eancias, desentupidora em com\u00e9rcio, desentupidora em empresa. A Mola Forte tem como miss\u00e3o a presta\u00e7\u00e3o de servi\u00e7os [&hellip;]\" \/>\n<meta property=\"og:url\" content=\"https:\/\/www.desentupidoramolaforte.com.br\/site\/empresa\/\" \/>\n<meta property=\"og:site_name\" content=\"Desentupidora Mola Forte\" \/>\n<meta property=\"article:modified_time\" content=\"2021-06-25T14:12:22+00:00\" \/>\n<meta name=\"twitter:card\" content=\"summary_large_image\" \/>\n<meta name=\"twitter:label1\" content=\"Est. tempo de leitura\" \/>\n\t<meta name=\"twitter:data1\" content=\"1 minuto\" \/>\n<script type=\"application\/ld+json\" class=\"yoast-schema-graph\">{\"@context\":\"https:\\\/\\\/schema.org\",\"@graph\":[{\"@type\":\"WebPage\",\"@id\":\"https:\\\/\\\/www.desentupidoramolaforte.com.br\\\/site\\\/empresa\\\/\",\"url\":\"https:\\\/\\\/www.desentupidoramolaforte.com.br\\\/site\\\/empresa\\\/\",\"name\":\"Empresa - Desentupidora Mola Forte\",\"isPartOf\":{\"@id\":\"http:\\\/\\\/www.desentupidoramolaforte.com.br\\\/site\\\/#website\"},\"datePublished\":\"2015-06-22T12:42:11+00:00\",\"dateModified\":\"2021-06-25T14:12:22+00:00\",\"breadcrumb\":{\"@id\":\"https:\\\/\\\/www.desentupidoramolaforte.com.br\\\/site\\\/empresa\\\/#breadcrumb\"},\"inLanguage\":\"pt-BR\",\"potentialAction\":[{\"@type\":\"ReadAction\",\"target\":[\"https:\\\/\\\/www.desentupidoramolaforte.com.br\\\/site\\\/empresa\\\/\"]}]},{\"@type\":\"BreadcrumbList\",\"@id\":\"https:\\\/\\\/www.desentupidoramolaforte.com.br\\\/site\\\/empresa\\\/#breadcrumb\",\"itemListElement\":[{\"@type\":\"ListItem\",\"position\":1,\"name\":\"In\u00edcio\",\"item\":\"http:\\\/\\\/www.desentupidoramolaforte.com.br\\\/site\\\/\"},{\"@type\":\"ListItem\",\"position\":2,\"name\":\"Empresa\"}]},{\"@type\":\"WebSite\",\"@id\":\"http:\\\/\\\/www.desentupidoramolaforte.com.br\\\/site\\\/#website\",\"url\":\"http:\\\/\\\/www.desentupidoramolaforte.com.br\\\/site\\\/\",\"name\":\"Desentupidora Mola Forte\",\"description\":\"Atendemos Joinville e Regi\u00e3o!\",\"publisher\":{\"@id\":\"http:\\\/\\\/www.desentupidoramolaforte.com.br\\\/site\\\/#organization\"},\"potentialAction\":[{\"@type\":\"SearchAction\",\"target\":{\"@type\":\"EntryPoint\",\"urlTemplate\":\"http:\\\/\\\/www.desentupidoramolaforte.com.br\\\/site\\\/?s={search_term_string}\"},\"query-input\":{\"@type\":\"PropertyValueSpecification\",\"valueRequired\":true,\"valueName\":\"search_term_string\"}}],\"inLanguage\":\"pt-BR\"},{\"@type\":\"Organization\",\"@id\":\"http:\\\/\\\/www.desentupidoramolaforte.com.br\\\/site\\\/#organization\",\"name\":\"Desentupidora Mola Forte\",\"url\":\"http:\\\/\\\/www.desentupidoramolaforte.com.br\\\/site\\\/\",\"logo\":{\"@type\":\"ImageObject\",\"inLanguage\":\"pt-BR\",\"@id\":\"http:\\\/\\\/www.desentupidoramolaforte.com.br\\\/site\\\/#\\\/schema\\\/logo\\\/image\\\/\",\"url\":\"http:\\\/\\\/www.desentupidoramolaforte.com.br\\\/site\\\/wp-content\\\/uploads\\\/2021\\\/06\\\/logo.png\",\"contentUrl\":\"http:\\\/\\\/www.desentupidoramolaforte.com.br\\\/site\\\/wp-content\\\/uploads\\\/2021\\\/06\\\/logo.png\",\"width\":358,\"height\":135,\"caption\":\"Desentupidora Mola Forte\"},\"image\":{\"@id\":\"http:\\\/\\\/www.desentupidoramolaforte.com.br\\\/site\\\/#\\\/schema\\\/logo\\\/image\\\/\"}}]}<\/script>\n<!-- \/ Yoast SEO plugin. -->","yoast_head_json":{"title":"Empresa - Desentupidora Mola Forte","robots":{"index":"index","follow":"follow","max-snippet":"max-snippet:-1","max-image-preview":"max-image-preview:large","max-video-preview":"max-video-preview:-1"},"canonical":"https:\/\/www.desentupidoramolaforte.com.br\/site\/empresa\/","og_locale":"pt_BR","og_type":"article","og_title":"Empresa - Desentupidora Mola Forte","og_description":"A Mola Forte\u00a0\u00e9 uma refer\u00eancia nos servi\u00e7os de: desentupimento, desentupimento de pia, desentupidora de ralos, desentupidora de vasos sanit\u00e1rios, desentupidora de redes de esgotos, desentupidora de redes pluviais, desentupidora de colunas prediais, desentupidora de rede coletoras, desentupidora em resid\u00eancias, desentupidora em com\u00e9rcio, desentupidora em empresa. A Mola Forte tem como miss\u00e3o a presta\u00e7\u00e3o de servi\u00e7os [&hellip;]","og_url":"https:\/\/www.desentupidoramolaforte.com.br\/site\/empresa\/","og_site_name":"Desentupidora Mola Forte","article_modified_time":"2021-06-25T14:12:22+00:00","twitter_card":"summary_large_image","twitter_misc":{"Est. tempo de leitura":"1 minuto"},"schema":{"@context":"https:\/\/schema.org","@graph":[{"@type":"WebPage","@id":"https:\/\/www.desentupidoramolaforte.com.br\/site\/empresa\/","url":"https:\/\/www.desentupidoramolaforte.com.br\/site\/empresa\/","name":"Empresa - Desentupidora Mola Forte","isPartOf":{"@id":"http:\/\/www.desentupidoramolaforte.com.br\/site\/#website"},"datePublished":"2015-06-22T12:42:11+00:00","dateModified":"2021-06-25T14:12:22+00:00","breadcrumb":{"@id":"https:\/\/www.desentupidoramolaforte.com.br\/site\/empresa\/#breadcrumb"},"inLanguage":"pt-BR","potentialAction":[{"@type":"ReadAction","target":["https:\/\/www.desentupidoramolaforte.com.br\/site\/empresa\/"]}]},{"@type":"BreadcrumbList","@id":"https:\/\/www.desentupidoramolaforte.com.br\/site\/empresa\/#breadcrumb","itemListElement":[{"@type":"ListItem","position":1,"name":"In\u00edcio","item":"http:\/\/www.desentupidoramolaforte.com.br\/site\/"},{"@type":"ListItem","position":2,"name":"Empresa"}]},{"@type":"WebSite","@id":"http:\/\/www.desentupidoramolaforte.com.br\/site\/#website","url":"http:\/\/www.desentupidoramolaforte.com.br\/site\/","name":"Desentupidora Mola Forte","description":"Atendemos Joinville e Regi\u00e3o!","publisher":{"@id":"http:\/\/www.desentupidoramolaforte.com.br\/site\/#organization"},"potentialAction":[{"@type":"SearchAction","target":{"@type":"EntryPoint","urlTemplate":"http:\/\/www.desentupidoramolaforte.com.br\/site\/?s={search_term_string}"},"query-input":{"@type":"PropertyValueSpecification","valueRequired":true,"valueName":"search_term_string"}}],"inLanguage":"pt-BR"},{"@type":"Organization","@id":"http:\/\/www.desentupidoramolaforte.com.br\/site\/#organization","name":"Desentupidora Mola Forte","url":"http:\/\/www.desentupidoramolaforte.com.br\/site\/","logo":{"@type":"ImageObject","inLanguage":"pt-BR","@id":"http:\/\/www.desentupidoramolaforte.com.br\/site\/#\/schema\/logo\/image\/","url":"http:\/\/www.desentupidoramolaforte.com.br\/site\/wp-content\/uploads\/2021\/06\/logo.png","contentUrl":"http:\/\/www.desentupidoramolaforte.com.br\/site\/wp-content\/uploads\/2021\/06\/logo.png","width":358,"height":135,"caption":"Desentupidora Mola Forte"},"image":{"@id":"http:\/\/www.desentupidoramolaforte.com.br\/site\/#\/schema\/logo\/image\/"}}]}},"_links":{"self":[{"href":"https:\/\/www.desentupidoramolaforte.com.br\/site\/wp-json\/wp\/v2\/pages\/8","targetHints":{"allow":["GET"]}}],"collection":[{"href":"https:\/\/www.desentupidoramolaforte.com.br\/site\/wp-json\/wp\/v2\/pages"}],"about":[{"href":"https:\/\/www.desentupidoramolaforte.com.br\/site\/wp-json\/wp\/v2\/types\/page"}],"author":[{"embeddable":true,"href":"https:\/\/www.desentupidoramolaforte.com.br\/site\/wp-json\/wp\/v2\/users\/1"}],"replies":[{"embeddable":true,"href":"https:\/\/www.desentupidoramolaforte.com.br\/site\/wp-json\/wp\/v2\/comments?post=8"}],"version-history":[{"count":8,"href":"https:\/\/www.desentupidoramolaforte.com.br\/site\/wp-json\/wp\/v2\/pages\/8\/revisions"}],"predecessor-version":[{"id":319,"href":"https:\/\/www.desentupidoramolaforte.com.br\/site\/wp-json\/wp\/v2\/pages\/8\/revisions\/319"}],"wp:attachment":[{"href":"https:\/\/www.desentupidoramolaforte.com.br\/site\/wp-json\/wp\/v2\/media?parent=8"}],"curies":[{"name":"wp","href":"https:\/\/api.w.org\/{rel}","templated":true}]}}